{"id":2652,"date":"2025-03-28T13:00:07","date_gmt":"2025-03-28T13:00:07","guid":{"rendered":"https:\/\/www.my-factura.com\/?page_id=2652"},"modified":"2025-11-12T12:28:44","modified_gmt":"2025-11-12T12:28:44","slug":"agb","status":"publish","type":"page","link":"https:\/\/www.my-factura.com\/cs\/agb\/","title":{"rendered":"AGB"},"content":{"rendered":"<style>.elementor-2652 .elementor-element.elementor-element-59d29a6{--display:flex;--flex-direction:column;--container-widget-width:100%;--container-widget-height:initial;--container-widget-flex-grow:0;--container-widget-align-self:initial;--flex-wrap-mobile:wrap;}.elementor-2652 .elementor-element.elementor-element-b813423{--spacer-size:40px;}.elementor-2652 .elementor-element.elementor-element-27c2f3a{--display:flex;--flex-direction:column;--container-widget-width:100%;--container-widget-height:initial;--container-widget-flex-grow:0;--container-widget-align-self:initial;--flex-wrap-mobile:wrap;}.elementor-2652 .elementor-element.elementor-element-9df9d1b{--display:flex;--flex-direction:column;--container-widget-width:100%;--container-widget-height:initial;--container-widget-flex-grow:0;--container-widget-align-self:initial;--flex-wrap-mobile:wrap;}.elementor-widget-heading .elementor-heading-title{font-family:var( --e-global-typography-primary-font-family ), Sans-serif;font-weight:var( --e-global-typography-primary-font-weight );color:var( --e-global-color-primary );}.elementor-2652 .elementor-element.elementor-element-926c1b6{--display:flex;--flex-direction:row;--container-widget-width:initial;--container-widget-height:100%;--container-widget-flex-grow:1;--container-widget-align-self:stretch;--flex-wrap-mobile:wrap;--gap:0px 0px;--row-gap:0px;--column-gap:0px;}.elementor-2652 .elementor-element.elementor-element-fe6a63b{--display:flex;--flex-direction:column;--container-widget-width:100%;--container-widget-height:initial;--container-widget-flex-grow:0;--container-widget-align-self:initial;--flex-wrap-mobile:wrap;}.elementor-2652 .elementor-element.elementor-element-fe6a63b.e-con{--flex-grow:0;--flex-shrink:0;}.elementor-widget-icon.elementor-view-stacked .elementor-icon{background-color:var( --e-global-color-primary );}.elementor-widget-icon.elementor-view-framed .elementor-icon, .elementor-widget-icon.elementor-view-default .elementor-icon{color:var( --e-global-color-primary );border-color:var( --e-global-color-primary );}.elementor-widget-icon.elementor-view-framed .elementor-icon, .elementor-widget-icon.elementor-view-default .elementor-icon svg{fill:var( --e-global-color-primary );}.elementor-2652 .elementor-element.elementor-element-2e9fb51 .elementor-icon-wrapper{text-align:center;}.elementor-2652 .elementor-element.elementor-element-2e9fb51.elementor-view-stacked .elementor-icon{background-color:#6EC1E4;}.elementor-2652 .elementor-element.elementor-element-2e9fb51.elementor-view-framed .elementor-icon, .elementor-2652 .elementor-element.elementor-element-2e9fb51.elementor-view-default .elementor-icon{color:#6EC1E4;border-color:#6EC1E4;}.elementor-2652 .elementor-element.elementor-element-2e9fb51.elementor-view-framed .elementor-icon, .elementor-2652 .elementor-element.elementor-element-2e9fb51.elementor-view-default .elementor-icon svg{fill:#6EC1E4;}.elementor-2652 .elementor-element.elementor-element-2e9fb51 .elementor-icon{font-size:68px;}.elementor-2652 .elementor-element.elementor-element-2e9fb51 .elementor-icon svg{height:68px;}.elementor-2652 .elementor-element.elementor-element-daf6216{--display:flex;--min-height:0px;--flex-direction:column;--container-widget-width:100%;--container-widget-height:initial;--container-widget-flex-grow:0;--container-widget-align-self:initial;--flex-wrap-mobile:wrap;--justify-content:space-around;}@media(min-width:768px){.elementor-2652 .elementor-element.elementor-element-9df9d1b{--width:50%;}.elementor-2652 .elementor-element.elementor-element-fe6a63b{--width:7.321%;}.elementor-2652 .elementor-element.elementor-element-daf6216{--width:66.6666%;}}<\/style>\t\t<div data-elementor-type=\"wp-page\" data-elementor-id=\"2652\" class=\"elementor elementor-2652\">\n\t\t\t\t<div class=\"elementor-element elementor-element-59d29a6 e-flex e-con-boxed e-con e-parent\" data-id=\"59d29a6\" data-element_type=\"container\">\n\t\t\t\t\t<div class=\"e-con-inner\">\n\t\t\t\t<div class=\"elementor-element elementor-element-b813423 elementor-widget elementor-widget-spacer\" data-id=\"b813423\" data-element_type=\"widget\" data-widget_type=\"spacer.default\">\n\t\t\t\t<div class=\"elementor-widget-container\">\n\t\t\t\t\t\t\t<div class=\"elementor-spacer\">\n\t\t\t<div class=\"elementor-spacer-inner\"><\/div>\n\t\t<\/div>\n\t\t\t\t\t\t<\/div>\n\t\t\t\t<\/div>\n\t\t\t\t\t<\/div>\n\t\t\t\t<\/div>\n\t\t<div class=\"elementor-element elementor-element-27c2f3a e-flex e-con-boxed e-con e-parent\" data-id=\"27c2f3a\" data-element_type=\"container\">\n\t\t\t\t\t<div class=\"e-con-inner\">\n\t\t<div class=\"elementor-element elementor-element-9df9d1b e-con-full e-flex e-con e-child\" data-id=\"9df9d1b\" data-element_type=\"container\">\n\t\t\t\t<div class=\"elementor-element elementor-element-b4d58f3 elementor-widget elementor-widget-heading\" data-id=\"b4d58f3\" data-element_type=\"widget\" data-widget_type=\"heading.default\">\n\t\t\t\t<div class=\"elementor-widget-container\">\n\t\t\t\t\t<h2 class=\"elementor-heading-title elementor-size-default\">V\u0161eobecn\u00e9 obchodn\u00ed podm\u00ednky<\/h2>\t\t\t\t<\/div>\n\t\t\t\t<\/div>\n\t\t\t\t<\/div>\n\t\t\t\t\t<\/div>\n\t\t\t\t<\/div>\n\t\t<div class=\"elementor-element elementor-element-926c1b6 e-flex e-con-boxed e-con e-parent\" data-id=\"926c1b6\" data-element_type=\"container\">\n\t\t\t\t\t<div class=\"e-con-inner\">\n\t\t<div class=\"elementor-element elementor-element-fe6a63b e-con-full e-flex e-con e-child\" data-id=\"fe6a63b\" data-element_type=\"container\">\n\t\t\t\t<div class=\"elementor-element elementor-element-2e9fb51 elementor-view-default elementor-widget elementor-widget-icon\" data-id=\"2e9fb51\" data-element_type=\"widget\" data-widget_type=\"icon.default\">\n\t\t\t\t<div class=\"elementor-widget-container\">\n\t\t\t\t\t\t\t<div class=\"elementor-icon-wrapper\">\n\t\t\t<a class=\"elementor-icon\" href=\"https:\/\/www.my-factura.com\/wp-content\/uploads\/2025\/11\/AGB_MF_V2450-Stand-November-2025.pdf\">\n\t\t\t<svg aria-hidden=\"true\" class=\"e-font-icon-svg e-far-file-pdf\" viewbox=\"0 0 384 512\" xmlns=\"http:\/\/www.w3.org\/2000\/svg\"><path d=\"M369.9 97.9L286 14C277 5 264.8-.1 252.1-.1H48C21.5 0 0 21.5 0 48v416c0 26.5 21.5 48 48 48h288c26.5 0 48-21.5 48-48V131.9c0-12.7-5.1-25-14.1-34zM332.1 128H256V51.9l76.1 76.1zM48 464V48h160v104c0 13.3 10.7 24 24 24h104v288H48zm250.2-143.7c-12.2-12-47-8.7-64.4-6.5-17.2-10.5-28.7-25-36.8-46.3 3.9-16.1 10.1-40.6 5.4-56-4.2-26.2-37.8-23.6-42.6-5.9-4.4 16.1-.4 38.5 7 67.1-10 23.9-24.9 56-35.4 74.4-20 10.3-47 26.2-51 46.2-3.3 15.8 26 55.2 76.1-31.2 22.4-7.4 46.8-16.5 68.4-20.1 18.9 10.2 41 17 55.8 17 25.5 0 28-28.2 17.5-38.7zm-198.1 77.8c5.1-13.7 24.5-29.5 30.4-35-19 30.3-30.4 35.7-30.4 35zm81.6-190.6c7.4 0 6.7 32.1 1.8 40.8-4.4-13.9-4.3-40.8-1.8-40.8zm-24.4 136.6c9.7-16.9 18-37 24.7-54.7 8.3 15.1 18.9 27.2 30.1 35.5-20.8 4.3-38.9 13.1-54.8 19.2zm131.6-5s-5 6-37.3-7.8c35.1-2.6 40.9 5.4 37.3 7.8z\"><\/path><\/svg>\t\t\t<\/a>\n\t\t<\/div>\n\t\t\t\t\t\t<\/div>\n\t\t\t\t<\/div>\n\t\t\t\t<\/div>\n\t\t<div class=\"elementor-element elementor-element-daf6216 e-con-full e-flex e-con e-child\" data-id=\"daf6216\" data-element_type=\"container\">\n\t\t\t\t<div class=\"elementor-element elementor-element-0ad2bb0 elementor-widget elementor-widget-heading\" data-id=\"0ad2bb0\" data-element_type=\"widget\" data-widget_type=\"heading.default\">\n\t\t\t\t<div class=\"elementor-widget-container\">\n\t\t\t\t\t<h2 class=\"elementor-heading-title elementor-size-default\">St\u00e1hnout zde<\/h2>\t\t\t\t<\/div>\n\t\t\t\t<\/div>\n\t\t\t\t<\/div>\n\t\t\t\t\t<\/div>\n\t\t\t\t<\/div>\n\t\t\t\t<\/div>","protected":false},"excerpt":{"rendered":"<p>Allgemeine Gesch\u00e4ftsbedingungen Hier herunterladen<\/p>","protected":false},"author":3,"featured_media":0,"parent":0,"menu_order":0,"comment_status":"closed","ping_status":"closed","template":"","meta":{"site-sidebar-layout":"no-sidebar","site-content-layout":"","ast-site-content-layout":"full-width-container","site-content-style":"default","site-sidebar-style":"default","ast-global-header-display":"","ast-banner-title-visibility":"","ast-main-header-display":"","ast-hfb-above-header-display":"","ast-hfb-below-header-display":"","ast-hfb-mobile-header-display":"","site-post-title":"disabled","ast-breadcrumbs-content":"","ast-featured-img":"disabled","footer-sml-layout":"","theme-transparent-header-meta":"","adv-header-id-meta":"","stick-header-meta":"","header-above-stick-meta":"","header-main-stick-meta":"","header-below-stick-meta":"","astra-migrate-meta-layouts":"default","ast-page-background-enabled":"default","ast-page-background-meta":{"desktop":{"background-color":"var(--ast-global-color-4)","background-image":"","background-repeat":"repeat","background-position":"center center","background-size":"auto","background-attachment":"scroll","background-type":"","background-media":"","overlay-type":"","overlay-color":"","overlay-opacity":"","overlay-gradient":""},"tablet":{"background-color":"","background-image":"","background-repeat":"repeat","background-position":"center center","background-size":"auto","background-attachment":"scroll","background-type":"","background-media":"","overlay-type":"","overlay-color":"","overlay-opacity":"","overlay-gradient":""},"mobile":{"background-color":"","background-image":"","background-repeat":"repeat","background-position":"center center","background-size":"auto","background-attachment":"scroll","background-type":"","background-media":"","overlay-type":"","overlay-color":"","overlay-opacity":"","overlay-gradient":""}},"ast-content-background-meta":{"desktop":{"background-color":"var(--ast-global-color-5)","background-image":"","background-repeat":"repeat","background-position":"center center","background-size":"auto","background-attachment":"scroll","background-type":"","background-media":"","overlay-type":"","overlay-color":"","overlay-opacity":"","overlay-gradient":""},"tablet":{"background-color":"var(--ast-global-color-5)","background-image":"","background-repeat":"repeat","background-position":"center center","background-size":"auto","background-attachment":"scroll","background-type":"","background-media":"","overlay-type":"","overlay-color":"","overlay-opacity":"","overlay-gradient":""},"mobile":{"background-color":"var(--ast-global-color-5)","background-image":"","background-repeat":"repeat","background-position":"center center","background-size":"auto","background-attachment":"scroll","background-type":"","background-media":"","overlay-type":"","overlay-color":"","overlay-opacity":"","overlay-gradient":""}},"footnotes":""},"class_list":["post-2652","page","type-page","status-publish","hentry"],"yoast_head":"<!-- This site is optimized with the Yoast SEO plugin v26.6 - https:\/\/yoast.com\/wordpress\/plugins\/seo\/ -->\n<title>AGB - MY-FACTURA<\/title>\n<meta name=\"robots\" content=\"index, follow, max-snippet:-1, max-image-preview:large, max-video-preview:-1\" \/>\n<link rel=\"canonical\" href=\"https:\/\/www.my-factura.com\/cs\/agb\/\" \/>\n<meta property=\"og:locale\" content=\"cs_CZ\" \/>\n<meta property=\"og:type\" content=\"article\" \/>\n<meta property=\"og:title\" content=\"AGB - MY-FACTURA\" \/>\n<meta property=\"og:description\" content=\"Allgemeine Gesch\u00e4ftsbedingungen Hier herunterladen\" \/>\n<meta property=\"og:url\" content=\"https:\/\/www.my-factura.com\/cs\/agb\/\" \/>\n<meta property=\"og:site_name\" content=\"MY-FACTURA\" \/>\n<meta property=\"article:modified_time\" content=\"2025-11-12T12:28:44+00:00\" \/>\n<meta name=\"twitter:card\" content=\"summary_large_image\" \/>\n<meta name=\"twitter:label1\" content=\"Odhadovan\u00e1 doba \u010dten\u00ed\" \/>\n\t<meta name=\"twitter:data1\" content=\"1 minuta\" \/>\n<script type=\"application\/ld+json\" class=\"yoast-schema-graph\">{\"@context\":\"https:\/\/schema.org\",\"@graph\":[{\"@type\":\"WebPage\",\"@id\":\"https:\/\/www.my-factura.com\/agb\/\",\"url\":\"https:\/\/www.my-factura.com\/agb\/\",\"name\":\"AGB - MY-FACTURA\",\"isPartOf\":{\"@id\":\"https:\/\/www.my-factura.com\/#website\"},\"datePublished\":\"2025-03-28T13:00:07+00:00\",\"dateModified\":\"2025-11-12T12:28:44+00:00\",\"breadcrumb\":{\"@id\":\"https:\/\/www.my-factura.com\/agb\/#breadcrumb\"},\"inLanguage\":\"cs\",\"potentialAction\":[{\"@type\":\"ReadAction\",\"target\":[\"https:\/\/www.my-factura.com\/agb\/\"]}]},{\"@type\":\"BreadcrumbList\",\"@id\":\"https:\/\/www.my-factura.com\/agb\/#breadcrumb\",\"itemListElement\":[{\"@type\":\"ListItem\",\"position\":1,\"name\":\"Startseite\",\"item\":\"https:\/\/www.my-factura.com\/\"},{\"@type\":\"ListItem\",\"position\":2,\"name\":\"AGB\"}]},{\"@type\":\"WebSite\",\"@id\":\"https:\/\/www.my-factura.com\/#website\",\"url\":\"https:\/\/www.my-factura.com\/\",\"name\":\"MY-FACTURA\",\"description\":\"Abrechnungszentrale | Fakturierung | Online\",\"publisher\":{\"@id\":\"https:\/\/www.my-factura.com\/#organization\"},\"potentialAction\":[{\"@type\":\"SearchAction\",\"target\":{\"@type\":\"EntryPoint\",\"urlTemplate\":\"https:\/\/www.my-factura.com\/?s={search_term_string}\"},\"query-input\":{\"@type\":\"PropertyValueSpecification\",\"valueRequired\":true,\"valueName\":\"search_term_string\"}}],\"inLanguage\":\"cs\"},{\"@type\":\"Organization\",\"@id\":\"https:\/\/www.my-factura.com\/#organization\",\"name\":\"MY-FACTURA\",\"url\":\"https:\/\/www.my-factura.com\/\",\"logo\":{\"@type\":\"ImageObject\",\"inLanguage\":\"cs\",\"@id\":\"https:\/\/www.my-factura.com\/#\/schema\/logo\/image\/\",\"url\":\"https:\/\/www.my-factura.com\/wp-content\/uploads\/2024\/02\/MyFactura_header_logo.png\",\"contentUrl\":\"https:\/\/www.my-factura.com\/wp-content\/uploads\/2024\/02\/MyFactura_header_logo.png\",\"width\":110,\"height\":51,\"caption\":\"MY-FACTURA\"},\"image\":{\"@id\":\"https:\/\/www.my-factura.com\/#\/schema\/logo\/image\/\"}}]}<\/script>\n<!-- \/ Yoast SEO plugin. -->","yoast_head_json":{"title":"AGB - MY-FACTURA","robots":{"index":"index","follow":"follow","max-snippet":"max-snippet:-1","max-image-preview":"max-image-preview:large","max-video-preview":"max-video-preview:-1"},"canonical":"https:\/\/www.my-factura.com\/cs\/agb\/","og_locale":"cs_CZ","og_type":"article","og_title":"AGB - MY-FACTURA","og_description":"Allgemeine Gesch\u00e4ftsbedingungen Hier herunterladen","og_url":"https:\/\/www.my-factura.com\/cs\/agb\/","og_site_name":"MY-FACTURA","article_modified_time":"2025-11-12T12:28:44+00:00","twitter_card":"summary_large_image","twitter_misc":{"Odhadovan\u00e1 doba \u010dten\u00ed":"1 minuta"},"schema":{"@context":"https:\/\/schema.org","@graph":[{"@type":"WebPage","@id":"https:\/\/www.my-factura.com\/agb\/","url":"https:\/\/www.my-factura.com\/agb\/","name":"AGB - MY-FACTURA","isPartOf":{"@id":"https:\/\/www.my-factura.com\/#website"},"datePublished":"2025-03-28T13:00:07+00:00","dateModified":"2025-11-12T12:28:44+00:00","breadcrumb":{"@id":"https:\/\/www.my-factura.com\/agb\/#breadcrumb"},"inLanguage":"cs","potentialAction":[{"@type":"ReadAction","target":["https:\/\/www.my-factura.com\/agb\/"]}]},{"@type":"BreadcrumbList","@id":"https:\/\/www.my-factura.com\/agb\/#breadcrumb","itemListElement":[{"@type":"ListItem","position":1,"name":"Startseite","item":"https:\/\/www.my-factura.com\/"},{"@type":"ListItem","position":2,"name":"AGB"}]},{"@type":"WebSite","@id":"https:\/\/www.my-factura.com\/#website","url":"https:\/\/www.my-factura.com\/","name":"MY-FACTURA","description":"Abrechnungszentrale | Fakturierung | Online","publisher":{"@id":"https:\/\/www.my-factura.com\/#organization"},"potentialAction":[{"@type":"SearchAction","target":{"@type":"EntryPoint","urlTemplate":"https:\/\/www.my-factura.com\/?s={search_term_string}"},"query-input":{"@type":"PropertyValueSpecification","valueRequired":true,"valueName":"search_term_string"}}],"inLanguage":"cs"},{"@type":"Organization","@id":"https:\/\/www.my-factura.com\/#organization","name":"MY-FACTURA","url":"https:\/\/www.my-factura.com\/","logo":{"@type":"ImageObject","inLanguage":"cs","@id":"https:\/\/www.my-factura.com\/#\/schema\/logo\/image\/","url":"https:\/\/www.my-factura.com\/wp-content\/uploads\/2024\/02\/MyFactura_header_logo.png","contentUrl":"https:\/\/www.my-factura.com\/wp-content\/uploads\/2024\/02\/MyFactura_header_logo.png","width":110,"height":51,"caption":"MY-FACTURA"},"image":{"@id":"https:\/\/www.my-factura.com\/#\/schema\/logo\/image\/"}}]}},"_links":{"self":[{"href":"https:\/\/www.my-factura.com\/cs\/wp-json\/wp\/v2\/pages\/2652","targetHints":{"allow":["GET"]}}],"collection":[{"href":"https:\/\/www.my-factura.com\/cs\/wp-json\/wp\/v2\/pages"}],"about":[{"href":"https:\/\/www.my-factura.com\/cs\/wp-json\/wp\/v2\/types\/page"}],"author":[{"embeddable":true,"href":"https:\/\/www.my-factura.com\/cs\/wp-json\/wp\/v2\/users\/3"}],"replies":[{"embeddable":true,"href":"https:\/\/www.my-factura.com\/cs\/wp-json\/wp\/v2\/comments?post=2652"}],"version-history":[{"count":40,"href":"https:\/\/www.my-factura.com\/cs\/wp-json\/wp\/v2\/pages\/2652\/revisions"}],"predecessor-version":[{"id":3248,"href":"https:\/\/www.my-factura.com\/cs\/wp-json\/wp\/v2\/pages\/2652\/revisions\/3248"}],"wp:attachment":[{"href":"https:\/\/www.my-factura.com\/cs\/wp-json\/wp\/v2\/media?parent=2652"}],"curies":[{"name":"wp","href":"https:\/\/api.w.org\/{rel}","templated":true}]}}